{"id":10093,"date":"2019-11-26T02:06:23","date_gmt":"2019-11-26T06:06:23","guid":{"rendered":"https:\/\/deerswipe.com\/contactanos\/"},"modified":"2024-08-14T21:18:38","modified_gmt":"2024-08-15T01:18:38","slug":"contactanos","status":"publish","type":"page","link":"https:\/\/deerswipe.com\/es\/contactanos\/","title":{"rendered":"Cont\u00e1ctanos"},"content":{"rendered":"\t\t<div data-elementor-type=\"wp-page\" data-elementor-id=\"10093\" class=\"elementor elementor-10093 elementor-3054\" data-elementor-post-type=\"page\">\n\t\t\t\t\t\t<section class=\"elementor-section elementor-top-section elementor-element elementor-element-63dfdba elementor-section-stretched elementor-section-boxed elementor-section-gap-beside-yes elementor-section-height-default elementor-section-height-default elementor-section-column-vertical-align-stretch\" data-id=\"63dfdba\" data-element_type=\"section\" data-e-type=\"section\" data-settings=\"{&quot;stretch_section&quot;:&quot;section-stretched&quot;,&quot;background_background&quot;:&quot;classic&quot;}\">\n\t\t\t\t\t\t\t<div class=\"elementor-background-overlay\"><\/div>\n\t\t\t\t\t\t\t<div class=\"elementor-container elementor-column-gap-extended\">\n\t\t\t\t\t<div class=\"elementor-column elementor-col-100 elementor-top-column elementor-element elementor-element-22d04eb\" data-id=\"22d04eb\" data-element_type=\"column\" data-e-type=\"column\">\n\t\t\t<div class=\"elementor-widget-wrap elementor-element-populated\">\n\t\t\t\t\t\t<section class=\"elementor-section elementor-inner-section elementor-element elementor-element-8bc7794 elementor-section-boxed elementor-section-gap-beside-yes elementor-section-height-default elementor-section-height-default elementor-section-content-align-center elementor-section-column-vertical-align-stretch\" data-id=\"8bc7794\" data-element_type=\"section\" data-e-type=\"section\">\n\t\t\t\t\t\t<div class=\"elementor-container elementor-column-gap-extended\">\n\t\t\t\t\t<div class=\"elementor-column elementor-col-100 elementor-inner-column elementor-element elementor-element-e7cf6a5\" data-id=\"e7cf6a5\" data-element_type=\"column\" data-e-type=\"column\">\n\t\t\t<div class=\"elementor-widget-wrap\">\n\t\t\t\t\t\t\t<\/div>\n\t\t<\/div>\n\t\t\t\t\t<\/div>\n\t\t<\/section>\n\t\t\t\t\t<\/div>\n\t\t<\/div>\n\t\t\t\t\t<\/div>\n\t\t<\/section>\n\t\t\t\t<section class=\"elementor-section elementor-top-section elementor-element elementor-element-4231055 elementor-section-boxed elementor-section-gap-beside-yes elementor-section-height-default elementor-section-height-default elementor-section-column-vertical-align-stretch\" data-id=\"4231055\" data-element_type=\"section\" data-e-type=\"section\" data-settings=\"{&quot;background_background&quot;:&quot;classic&quot;}\">\n\t\t\t\t\t\t<div class=\"elementor-container elementor-column-gap-extended\">\n\t\t\t\t\t<div class=\"elementor-column elementor-col-100 elementor-top-column elementor-element elementor-element-68ff808\" data-id=\"68ff808\" data-element_type=\"column\" data-e-type=\"column\">\n\t\t\t<div class=\"elementor-widget-wrap elementor-element-populated\">\n\t\t\t\t\t\t<section class=\"elementor-section elementor-inner-section elementor-element elementor-element-d3ee1e4 elementor-section-gap-beside-no elementor-section-boxed elementor-section-height-default elementor-section-height-default elementor-section-column-vertical-align-stretch\" data-id=\"d3ee1e4\" data-element_type=\"section\" data-e-type=\"section\" data-settings=\"{&quot;background_background&quot;:&quot;classic&quot;}\">\n\t\t\t\t\t\t<div class=\"elementor-container elementor-column-gap-custom\">\n\t\t\t\t\t<div class=\"elementor-column elementor-col-100 elementor-inner-column elementor-element elementor-element-b802dc7\" data-id=\"b802dc7\" data-element_type=\"column\" data-e-type=\"column\">\n\t\t\t<div class=\"elementor-widget-wrap elementor-element-populated\">\n\t\t\t\t\t\t<div class=\"elementor-element elementor-element-1a58328 elementor-widget elementor-widget-tm-heading\" data-id=\"1a58328\" data-element_type=\"widget\" data-e-type=\"widget\" data-widget_type=\"tm-heading.default\">\n\t\t\t\t<div class=\"elementor-widget-container\">\n\t\t\t\t\t\t\t<div class=\"tm-modern-heading\">\n\t\t\t\n\t\t\t\t\t<div class=\"heading-primary-wrap\">\n\t\t\t<h2 class=\"heading-primary elementor-heading-title\">Discutamos tus proyectos ahora<\/h2>\t\t<\/div>\n\t\t\n\t\t\t\n\t\t\t\t\t<\/div>\n\t\t\t\t\t\t<\/div>\n\t\t\t\t<\/div>\n\t\t\t\t<div class=\"elementor-element elementor-element-6d15e79 elementor-widget elementor-widget-tm-heading\" data-id=\"6d15e79\" data-element_type=\"widget\" data-e-type=\"widget\" data-widget_type=\"tm-heading.default\">\n\t\t\t\t<div class=\"elementor-widget-container\">\n\t\t\t\t\t\t\t<div class=\"tm-modern-heading\">\n\t\t\t\n\t\t\t\n\t\t\t\n\t\t\t\t\t<div class=\"heading-description-wrap\">\n\t\t\t<div class=\"heading-description\">\n\t\t\t\t<p>Contactanos para dar vida a ideas incre\u00edbles o hacer sugerencias sobre mejoras a realizar.<\/p>\t\t\t<\/div>\n\t\t<\/div>\n\t\t\t<\/div>\n\t\t\t\t\t\t<\/div>\n\t\t\t\t<\/div>\n\t\t\t\t<div class=\"elementor-element elementor-element-7a69046 elementor-widget elementor-widget-spacer\" data-id=\"7a69046\" data-element_type=\"widget\" data-e-type=\"widget\" data-widget_type=\"spacer.default\">\n\t\t\t\t<div class=\"elementor-widget-container\">\n\t\t\t\t\t\t\t<div class=\"elementor-spacer\">\n\t\t\t<div class=\"elementor-spacer-inner\"><\/div>\n\t\t<\/div>\n\t\t\t\t\t\t<\/div>\n\t\t\t\t<\/div>\n\t\t\t\t<div class=\"elementor-element elementor-element-3b00fff elementor-widget elementor-widget-tm-social-networks\" data-id=\"3b00fff\" data-element_type=\"widget\" data-e-type=\"widget\" data-widget_type=\"tm-social-networks.default\">\n\t\t\t\t<div class=\"elementor-widget-container\">\n\t\t\t\t\t\t\t<div class=\"tm-social-networks style-large-icons layout-inline\">\n\t\t\t<ul class=\"list\">\t\t\t\t<li class=\"item\">\n\t\t\t\t\t<a class=\"link hint--bounce hint--top\" aria-label=\"Instagram\" href=\"https:\/\/instagram.com\/deerswipe\" target=\"_blank\" rel=\"nofollow\">\n\t\t\t\t\t\t<i class=\"link-icon fab fa-instagram\"><\/i>\t\t\t\t\t<\/a>\n\t\t\t\t<\/li>\n\t\t\t\t\t\t\t\t<li class=\"item\">\n\t\t\t\t\t<a class=\"link hint--bounce hint--top\" aria-label=\"Facebook\" href=\"https:\/\/facebook.com\/deerswipe\" target=\"_blank\" rel=\"nofollow\">\n\t\t\t\t\t\t<i class=\"link-icon fab fa-facebook-f\"><\/i>\t\t\t\t\t<\/a>\n\t\t\t\t<\/li>\n\t\t\t\t\t\t\t\t<li class=\"item\">\n\t\t\t\t\t<a class=\"link hint--bounce hint--top\" aria-label=\"Linkedin\" href=\"https:\/\/www.linkedin.com\/company\/deerswipe\/\" target=\"_blank\" rel=\"nofollow\">\n\t\t\t\t\t\t<i class=\"link-icon fab fa-linkedin-in\"><\/i>\t\t\t\t\t<\/a>\n\t\t\t\t<\/li>\n\t\t\t\t<\/ul>\t\t<\/div>\n\t\t\t\t\t\t<\/div>\n\t\t\t\t<\/div>\n\t\t\t\t\t<\/div>\n\t\t<\/div>\n\t\t\t\t<div class=\"elementor-column elementor-col-100 elementor-inner-column elementor-element elementor-element-526561c\" data-id=\"526561c\" data-element_type=\"column\" data-e-type=\"column\">\n\t\t\t<div class=\"elementor-widget-wrap elementor-element-populated\">\n\t\t\t\t\t\t<div class=\"elementor-element elementor-element-4d39308 elementor-button-align-end elementor-widget elementor-widget-form\" data-id=\"4d39308\" data-element_type=\"widget\" data-e-type=\"widget\" data-settings=\"{&quot;button_width&quot;:&quot;custom&quot;,&quot;step_next_label&quot;:&quot;Next&quot;,&quot;step_previous_label&quot;:&quot;Previous&quot;,&quot;step_type&quot;:&quot;number_text&quot;,&quot;step_icon_shape&quot;:&quot;circle&quot;}\" data-widget_type=\"form.default\">\n\t\t\t\t<div class=\"elementor-widget-container\">\n\t\t\t\t\t\t\t<form class=\"elementor-form\" method=\"post\" name=\"Contact Form DS ES\" aria-label=\"Contact Form DS ES\">\n\t\t\t<input type=\"hidden\" name=\"post_id\" value=\"10093\"\/>\n\t\t\t<input type=\"hidden\" name=\"form_id\" value=\"4d39308\"\/>\n\t\t\t<input type=\"hidden\" name=\"referer_title\" value=\"Deer Swipe\" \/>\n\n\t\t\t\n\t\t\t<div class=\"elementor-form-fields-wrapper elementor-labels-\">\n\t\t\t\t\t\t\t\t<div class=\"elementor-field-type-text elementor-field-group elementor-column elementor-field-group-name elementor-col-50 elementor-field-required\">\n\t\t\t\t\t\t\t\t\t\t\t\t<label for=\"form-field-name\" class=\"elementor-field-label elementor-screen-only\">\n\t\t\t\t\t\t\t\tNombre\t\t\t\t\t\t\t<\/label>\n\t\t\t\t\t\t\t\t\t\t\t\t\t\t<input size=\"1\" type=\"text\" name=\"form_fields[name]\" id=\"form-field-name\" class=\"elementor-field elementor-size-sm  elementor-field-textual\" placeholder=\"Nombre\" required=\"required\">\n\t\t\t\t\t\t\t\t\t\t\t<\/div>\n\t\t\t\t\t\t\t\t<div class=\"elementor-field-type-email elementor-field-group elementor-column elementor-field-group-email elementor-col-50 elementor-field-required\">\n\t\t\t\t\t\t\t\t\t\t\t\t<label for=\"form-field-email\" class=\"elementor-field-label elementor-screen-only\">\n\t\t\t\t\t\t\t\tEmail\t\t\t\t\t\t\t<\/label>\n\t\t\t\t\t\t\t\t\t\t\t\t\t\t<input size=\"1\" type=\"email\" name=\"form_fields[email]\" id=\"form-field-email\" class=\"elementor-field elementor-size-sm  elementor-field-textual\" placeholder=\"Email\" required=\"required\">\n\t\t\t\t\t\t\t\t\t\t\t<\/div>\n\t\t\t\t\t\t\t\t<div class=\"elementor-field-type-text elementor-field-group elementor-column elementor-field-group-field_1 elementor-col-50\">\n\t\t\t\t\t\t\t\t\t\t\t\t<label for=\"form-field-field_1\" class=\"elementor-field-label elementor-screen-only\">\n\t\t\t\t\t\t\t\tAsunto\t\t\t\t\t\t\t<\/label>\n\t\t\t\t\t\t\t\t\t\t\t\t\t\t<input size=\"1\" type=\"text\" name=\"form_fields[field_1]\" id=\"form-field-field_1\" class=\"elementor-field elementor-size-sm  elementor-field-textual\" placeholder=\"Asunto\">\n\t\t\t\t\t\t\t\t\t\t\t<\/div>\n\t\t\t\t\t\t\t\t<div class=\"elementor-field-type-text elementor-field-group elementor-column elementor-field-group-field_4 elementor-col-50\">\n\t\t\t\t\t\t\t\t\t\t\t\t<label for=\"form-field-field_4\" class=\"elementor-field-label elementor-screen-only\">\n\t\t\t\t\t\t\t\tN\u00famero de tel\u00e9fono\t\t\t\t\t\t\t<\/label>\n\t\t\t\t\t\t\t\t\t\t\t\t\t\t<input size=\"1\" type=\"text\" name=\"form_fields[field_4]\" id=\"form-field-field_4\" class=\"elementor-field elementor-size-sm  elementor-field-textual\" placeholder=\"N\u00famero de tel\u00e9fono\">\n\t\t\t\t\t\t\t\t\t\t\t<\/div>\n\t\t\t\t\t\t\t\t<div class=\"elementor-field-type-select elementor-field-group elementor-column elementor-field-group-field_2 elementor-col-100\">\n\t\t\t\t\t\t\t\t\t\t\t\t<label for=\"form-field-field_2\" class=\"elementor-field-label elementor-screen-only\">\n\t\t\t\t\t\t\t\tPresupuesto\t\t\t\t\t\t\t<\/label>\n\t\t\t\t\t\t\t\t<div class=\"elementor-field elementor-select-wrapper remove-before \">\n\t\t\t<div class=\"select-caret-down-wrapper\">\n\t\t\t\t<i aria-hidden=\"true\" class=\"eicon-caret-down\"><\/i>\t\t\t<\/div>\n\t\t\t<select name=\"form_fields[field_2]\" id=\"form-field-field_2\" class=\"elementor-field-textual elementor-size-sm\">\n\t\t\t\t\t\t\t\t\t<option value=\"\u00bfSobre qu\u00e9 desea consultar?\">\u00bfSobre qu\u00e9 desea consultar?<\/option>\n\t\t\t\t\t\t\t\t\t<option value=\"Informaci\u00f3n general\">Informaci\u00f3n general<\/option>\n\t\t\t\t\t\t\t\t\t<option value=\"Alianzas estrat\u00e9gicas\">Alianzas estrat\u00e9gicas<\/option>\n\t\t\t\t\t\t\t\t\t<option value=\"Necesito ayuda\">Necesito ayuda<\/option>\n\t\t\t\t\t\t\t<\/select>\n\t\t<\/div>\n\t\t\t\t\t\t<\/div>\n\t\t\t\t\t\t\t\t<div class=\"elementor-field-type-textarea elementor-field-group elementor-column elementor-field-group-message elementor-col-100\">\n\t\t\t\t\t\t\t\t\t\t\t\t<label for=\"form-field-message\" class=\"elementor-field-label elementor-screen-only\">\n\t\t\t\t\t\t\t\tMensaje\t\t\t\t\t\t\t<\/label>\n\t\t\t\t\t\t<textarea class=\"elementor-field-textual elementor-field  elementor-size-sm\" name=\"form_fields[message]\" id=\"form-field-message\" rows=\"5\" placeholder=\"Tu Mensaje\"><\/textarea>\t\t\t\t<\/div>\n\t\t\t\t\t\t\t\t<div class=\"elementor-field-type-html elementor-field-group elementor-column elementor-field-group-field_3 elementor-col-fit\">\n\t\t\t\t\t<div style=\"margin-top: 14px; font-size: 15px; font-style: italic;\">*Tu direcci\u00f3n de correo electr\u00f3nico no ser\u00e1 publicada.<br>\nTe lo garantizamos. <\/div>\t\t\t\t<\/div>\n\t\t\t\t\t\t\t\t<div class=\"elementor-field-group elementor-column elementor-field-type-submit elementor-col-custom e-form__buttons\">\n\t\t\t\t\t<button class=\"elementor-button elementor-size-md\" type=\"submit\">\n\t\t\t\t\t\t<span class=\"elementor-button-content-wrapper\">\n\t\t\t\t\t\t\t\t\t\t\t\t\t\t\t\t\t\t\t\t\t\t<span class=\"elementor-button-text\">Enviar mensaje<\/span>\n\t\t\t\t\t\t\t\t\t\t\t\t\t<\/span>\n\t\t\t\t\t<\/button>\n\t\t\t\t<\/div>\n\t\t\t<\/div>\n\t\t<\/form>\n\t\t\t\t\t\t<\/div>\n\t\t\t\t<\/div>\n\t\t\t\t\t<\/div>\n\t\t<\/div>\n\t\t\t\t\t<\/div>\n\t\t<\/section>\n\t\t\t\t\t<\/div>\n\t\t<\/div>\n\t\t\t\t\t<\/div>\n\t\t<\/section>\n\t\t\t\t<\/div>\n\t\t","protected":false},"excerpt":{"rendered":"<p>Discutamos tus proyectos ahora Contactanos para dar vida a ideas incre\u00edbles o hacer sugerencias sobre mejoras a realizar.<\/p>\n","protected":false},"author":27,"featured_media":0,"parent":0,"menu_order":0,"comment_status":"closed","ping_status":"closed","template":"","meta":{"rs_blank_template":"","rs_page_bg_color":"","slide_template_v7":"","_bos_mb_destination":[""],"footnotes":"","wcps_page_is_protected":false},"class_list":["post-10093","page","type-page","status-publish","hentry","post-no-thumbnail"],"yoast_head":"<!-- This site is optimized with the Yoast SEO Premium plugin v25.5 (Yoast SEO v27.5) - https:\/\/yoast.com\/product\/yoast-seo-premium-wordpress\/ -->\n<title>Cont\u00e1ctanos | Deer Swipe<\/title>\n<meta name=\"description\" content=\"Contactanos para dar vida a ideas incre\u00edbles o hacer sugerencias sobre mejoras a realizar.\" \/>\n<meta name=\"robots\" content=\"index, follow, max-snippet:-1, max-image-preview:large, max-video-preview:-1\" \/>\n<link rel=\"canonical\" href=\"https:\/\/deerswipe.com\/es\/contactanos\/\" \/>\n<meta property=\"og:locale\" content=\"es_ES\" \/>\n<meta property=\"og:type\" content=\"article\" \/>\n<meta property=\"og:title\" content=\"Cont\u00e1ctanos\" \/>\n<meta property=\"og:description\" content=\"Contactanos para dar vida a ideas incre\u00edbles o hacer sugerencias sobre mejoras a realizar.\" \/>\n<meta property=\"og:url\" content=\"https:\/\/deerswipe.com\/es\/contactanos\/\" \/>\n<meta property=\"og:site_name\" content=\"Deer Swipe\" \/>\n<meta property=\"article:publisher\" content=\"https:\/\/www.facebook.com\/deerswipe\" \/>\n<meta property=\"article:modified_time\" content=\"2024-08-15T01:18:38+00:00\" \/>\n<meta property=\"og:image\" content=\"https:\/\/deerswipe.com\/wp-content\/uploads\/2022\/08\/deerswipe-home-digital-incentives-popup-video-poster-min-1.png\" \/>\n\t<meta property=\"og:image:width\" content=\"1170\" \/>\n\t<meta property=\"og:image:height\" content=\"528\" \/>\n\t<meta property=\"og:image:type\" content=\"image\/png\" \/>\n<meta name=\"twitter:card\" content=\"summary_large_image\" \/>\n<meta name=\"twitter:site\" content=\"@deerswipe\" \/>\n<meta name=\"twitter:label1\" content=\"Tiempo de lectura\" \/>\n\t<meta name=\"twitter:data1\" content=\"1 minuto\" \/>\n<script type=\"application\/ld+json\" class=\"yoast-schema-graph\">{\"@context\":\"https:\\\/\\\/schema.org\",\"@graph\":[{\"@type\":\"WebPage\",\"@id\":\"https:\\\/\\\/deerswipe.com\\\/es\\\/contactanos\\\/\",\"url\":\"https:\\\/\\\/deerswipe.com\\\/es\\\/contactanos\\\/\",\"name\":\"Cont\u00e1ctanos | Deer Swipe\",\"isPartOf\":{\"@id\":\"https:\\\/\\\/deerswipe.com\\\/es\\\/#website\"},\"datePublished\":\"2019-11-26T06:06:23+00:00\",\"dateModified\":\"2024-08-15T01:18:38+00:00\",\"description\":\"Contactanos para dar vida a ideas incre\u00edbles o hacer sugerencias sobre mejoras a realizar.\",\"breadcrumb\":{\"@id\":\"https:\\\/\\\/deerswipe.com\\\/es\\\/contactanos\\\/#breadcrumb\"},\"inLanguage\":\"es\",\"potentialAction\":[{\"@type\":\"ReadAction\",\"target\":[\"https:\\\/\\\/deerswipe.com\\\/es\\\/contactanos\\\/\"]}]},{\"@type\":\"BreadcrumbList\",\"@id\":\"https:\\\/\\\/deerswipe.com\\\/es\\\/contactanos\\\/#breadcrumb\",\"itemListElement\":[{\"@type\":\"ListItem\",\"position\":1,\"name\":\"Home\",\"item\":\"https:\\\/\\\/deerswipe.com\\\/es\\\/\"},{\"@type\":\"ListItem\",\"position\":2,\"name\":\"Cont\u00e1ctanos\"}]},{\"@type\":\"WebSite\",\"@id\":\"https:\\\/\\\/deerswipe.com\\\/es\\\/#website\",\"url\":\"https:\\\/\\\/deerswipe.com\\\/es\\\/\",\"name\":\"Deer Swipe\",\"description\":\"Marketing and Digital Experience Agency\",\"publisher\":{\"@id\":\"https:\\\/\\\/deerswipe.com\\\/es\\\/#organization\"},\"alternateName\":\"DeerSwipe\",\"potentialAction\":[{\"@type\":\"SearchAction\",\"target\":{\"@type\":\"EntryPoint\",\"urlTemplate\":\"https:\\\/\\\/deerswipe.com\\\/es\\\/?s={search_term_string}\"},\"query-input\":{\"@type\":\"PropertyValueSpecification\",\"valueRequired\":true,\"valueName\":\"search_term_string\"}}],\"inLanguage\":\"es\"},{\"@type\":\"Organization\",\"@id\":\"https:\\\/\\\/deerswipe.com\\\/es\\\/#organization\",\"name\":\"Deer Swipe\",\"alternateName\":\"Deer Swipe LLC\",\"url\":\"https:\\\/\\\/deerswipe.com\\\/es\\\/\",\"logo\":{\"@type\":\"ImageObject\",\"inLanguage\":\"es\",\"@id\":\"https:\\\/\\\/deerswipe.com\\\/es\\\/#\\\/schema\\\/logo\\\/image\\\/\",\"url\":\"https:\\\/\\\/deerswipe.com\\\/wp-content\\\/uploads\\\/2022\\\/08\\\/deerswipe_horizontal_big_dark@2x.png\",\"contentUrl\":\"https:\\\/\\\/deerswipe.com\\\/wp-content\\\/uploads\\\/2022\\\/08\\\/deerswipe_horizontal_big_dark@2x.png\",\"width\":2206,\"height\":972,\"caption\":\"Deer Swipe\"},\"image\":{\"@id\":\"https:\\\/\\\/deerswipe.com\\\/es\\\/#\\\/schema\\\/logo\\\/image\\\/\"},\"sameAs\":[\"https:\\\/\\\/www.facebook.com\\\/deerswipe\",\"https:\\\/\\\/x.com\\\/deerswipe\",\"https:\\\/\\\/www.instagram.com\\\/deerswipe\",\"https:\\\/\\\/www.tiktok.com\\\/deerswipe\",\"https:\\\/\\\/www.linkedin.com\\\/deerswipe\"],\"description\":\"Deer Swipe is an agency specialized in digital experiences, marketing, and strategic business consulting. It is an environment where creativity merges with technology to bring unique and magical solutions to the digital world. We dive into a universe of possibilities where magic is not just a concept but a philosophy of work. We envision magic as the tool that allows us to simplify processes, unravel the mysteries of digital marketing, and communicate complex concepts to our clients in an accessible and engaging manner.\",\"email\":\"hello@deerswipe.com\",\"telephone\":\"(+1) 206 701 67 16\",\"legalName\":\"Deer Swipe LLC\",\"foundingDate\":\"2021-10-10\",\"numberOfEmployees\":{\"@type\":\"QuantitativeValue\",\"minValue\":\"11\",\"maxValue\":\"50\"},\"publishingPrinciples\":\"https:\\\/\\\/deerswipe.com\\\/corporate-responsibility\\\/\",\"actionableFeedbackPolicy\":\"https:\\\/\\\/deerswipe.com\\\/terms-and-conditions\\\/\",\"diversityPolicy\":\"https:\\\/\\\/deerswipe.com\\\/diversity-and-inclusion\\\/\"}]}<\/script>\n<!-- \/ Yoast SEO Premium plugin. -->","yoast_head_json":{"title":"Cont\u00e1ctanos | Deer Swipe","description":"Contactanos para dar vida a ideas incre\u00edbles o hacer sugerencias sobre mejoras a realizar.","robots":{"index":"index","follow":"follow","max-snippet":"max-snippet:-1","max-image-preview":"max-image-preview:large","max-video-preview":"max-video-preview:-1"},"canonical":"https:\/\/deerswipe.com\/es\/contactanos\/","og_locale":"es_ES","og_type":"article","og_title":"Cont\u00e1ctanos","og_description":"Contactanos para dar vida a ideas incre\u00edbles o hacer sugerencias sobre mejoras a realizar.","og_url":"https:\/\/deerswipe.com\/es\/contactanos\/","og_site_name":"Deer Swipe","article_publisher":"https:\/\/www.facebook.com\/deerswipe","article_modified_time":"2024-08-15T01:18:38+00:00","og_image":[{"width":1170,"height":528,"url":"https:\/\/deerswipe.com\/wp-content\/uploads\/2022\/08\/deerswipe-home-digital-incentives-popup-video-poster-min-1.png","type":"image\/png"}],"twitter_card":"summary_large_image","twitter_site":"@deerswipe","twitter_misc":{"Tiempo de lectura":"1 minuto"},"schema":{"@context":"https:\/\/schema.org","@graph":[{"@type":"WebPage","@id":"https:\/\/deerswipe.com\/es\/contactanos\/","url":"https:\/\/deerswipe.com\/es\/contactanos\/","name":"Cont\u00e1ctanos | Deer Swipe","isPartOf":{"@id":"https:\/\/deerswipe.com\/es\/#website"},"datePublished":"2019-11-26T06:06:23+00:00","dateModified":"2024-08-15T01:18:38+00:00","description":"Contactanos para dar vida a ideas incre\u00edbles o hacer sugerencias sobre mejoras a realizar.","breadcrumb":{"@id":"https:\/\/deerswipe.com\/es\/contactanos\/#breadcrumb"},"inLanguage":"es","potentialAction":[{"@type":"ReadAction","target":["https:\/\/deerswipe.com\/es\/contactanos\/"]}]},{"@type":"BreadcrumbList","@id":"https:\/\/deerswipe.com\/es\/contactanos\/#breadcrumb","itemListElement":[{"@type":"ListItem","position":1,"name":"Home","item":"https:\/\/deerswipe.com\/es\/"},{"@type":"ListItem","position":2,"name":"Cont\u00e1ctanos"}]},{"@type":"WebSite","@id":"https:\/\/deerswipe.com\/es\/#website","url":"https:\/\/deerswipe.com\/es\/","name":"Deer Swipe","description":"Marketing and Digital Experience Agency","publisher":{"@id":"https:\/\/deerswipe.com\/es\/#organization"},"alternateName":"DeerSwipe","potentialAction":[{"@type":"SearchAction","target":{"@type":"EntryPoint","urlTemplate":"https:\/\/deerswipe.com\/es\/?s={search_term_string}"},"query-input":{"@type":"PropertyValueSpecification","valueRequired":true,"valueName":"search_term_string"}}],"inLanguage":"es"},{"@type":"Organization","@id":"https:\/\/deerswipe.com\/es\/#organization","name":"Deer Swipe","alternateName":"Deer Swipe LLC","url":"https:\/\/deerswipe.com\/es\/","logo":{"@type":"ImageObject","inLanguage":"es","@id":"https:\/\/deerswipe.com\/es\/#\/schema\/logo\/image\/","url":"https:\/\/deerswipe.com\/wp-content\/uploads\/2022\/08\/deerswipe_horizontal_big_dark@2x.png","contentUrl":"https:\/\/deerswipe.com\/wp-content\/uploads\/2022\/08\/deerswipe_horizontal_big_dark@2x.png","width":2206,"height":972,"caption":"Deer Swipe"},"image":{"@id":"https:\/\/deerswipe.com\/es\/#\/schema\/logo\/image\/"},"sameAs":["https:\/\/www.facebook.com\/deerswipe","https:\/\/x.com\/deerswipe","https:\/\/www.instagram.com\/deerswipe","https:\/\/www.tiktok.com\/deerswipe","https:\/\/www.linkedin.com\/deerswipe"],"description":"Deer Swipe is an agency specialized in digital experiences, marketing, and strategic business consulting. It is an environment where creativity merges with technology to bring unique and magical solutions to the digital world. We dive into a universe of possibilities where magic is not just a concept but a philosophy of work. We envision magic as the tool that allows us to simplify processes, unravel the mysteries of digital marketing, and communicate complex concepts to our clients in an accessible and engaging manner.","email":"hello@deerswipe.com","telephone":"(+1) 206 701 67 16","legalName":"Deer Swipe LLC","foundingDate":"2021-10-10","numberOfEmployees":{"@type":"QuantitativeValue","minValue":"11","maxValue":"50"},"publishingPrinciples":"https:\/\/deerswipe.com\/corporate-responsibility\/","actionableFeedbackPolicy":"https:\/\/deerswipe.com\/terms-and-conditions\/","diversityPolicy":"https:\/\/deerswipe.com\/diversity-and-inclusion\/"}]}},"_links":{"self":[{"href":"https:\/\/deerswipe.com\/es\/wp-json\/wp\/v2\/pages\/10093","targetHints":{"allow":["GET"]}}],"collection":[{"href":"https:\/\/deerswipe.com\/es\/wp-json\/wp\/v2\/pages"}],"about":[{"href":"https:\/\/deerswipe.com\/es\/wp-json\/wp\/v2\/types\/page"}],"author":[{"embeddable":true,"href":"https:\/\/deerswipe.com\/es\/wp-json\/wp\/v2\/users\/27"}],"replies":[{"embeddable":true,"href":"https:\/\/deerswipe.com\/es\/wp-json\/wp\/v2\/comments?post=10093"}],"version-history":[{"count":5,"href":"https:\/\/deerswipe.com\/es\/wp-json\/wp\/v2\/pages\/10093\/revisions"}],"predecessor-version":[{"id":10105,"href":"https:\/\/deerswipe.com\/es\/wp-json\/wp\/v2\/pages\/10093\/revisions\/10105"}],"wp:attachment":[{"href":"https:\/\/deerswipe.com\/es\/wp-json\/wp\/v2\/media?parent=10093"}],"curies":[{"name":"wp","href":"https:\/\/api.w.org\/{rel}","templated":true}]}}